{"id":121,"date":"2016-05-30T00:13:29","date_gmt":"2016-05-29T21:13:29","guid":{"rendered":"http:\/\/www.utkubuyuksahin.com\/?page_id=121"},"modified":"2023-01-19T06:19:41","modified_gmt":"2023-01-19T03:19:41","slug":"video","status":"publish","type":"page","link":"https:\/\/www.utkubuyuksahin.com\/index.php\/video\/","title":{"rendered":"Video"},"content":{"rendered":"<p>&nbsp;<\/p>\n<div id=\"attachment_50\" style=\"width: 310px\" class=\"wp-caption aligncenter\"><a href=\"https:\/\/www.utkubuyuksahin.com\/index.php\/2016\/05\/29\/multi-point-high-sensitive-tactile-sensing-module-for-robots-and-devices\/\"><img aria-describedby=\"caption-attachment-50\" loading=\"lazy\" class=\"wp-image-50 size-medium\" src=\"https:\/\/www.utkubuyuksahin.com\/wp-content\/uploads\/TV07B-300x169.jpg\" alt=\"Multi Point, High Sensitive Tactile Sensing Module For Robots And Devices\" width=\"300\" height=\"169\" srcset=\"https:\/\/www.utkubuyuksahin.com\/wp-content\/uploads\/TV07B-300x169.jpg 300w, https:\/\/www.utkubuyuksahin.com\/wp-content\/uploads\/TV07B-768x432.jpg 768w, https:\/\/www.utkubuyuksahin.com\/wp-content\/uploads\/TV07B-1024x575.jpg 1024w, https:\/\/www.utkubuyuksahin.com\/wp-content\/uploads\/TV07B.jpg 1744w\" sizes=\"(max-width: 300px) 100vw, 300px\" \/><\/a><p id=\"caption-attachment-50\" class=\"wp-caption-text\">Multi Point, High Sensitive Tactile Sensing Module For Robots And Devices<\/p><\/div>\n<div id=\"attachment_51\" style=\"width: 310px\" class=\"wp-caption aligncenter\"><a href=\"https:\/\/www.utkubuyuksahin.com\/index.php\/2016\/05\/29\/btss-buyuksahin-tactile-sensing-system\/\"><img aria-describedby=\"caption-attachment-51\" loading=\"lazy\" class=\"wp-image-51 size-medium\" src=\"https:\/\/www.utkubuyuksahin.com\/wp-content\/uploads\/Screen-Shot-2016-05-29-at-06.52.14-300x169.png\" alt=\"Screen Shot 2016-05-29 at 06.52.14\" width=\"300\" height=\"169\" srcset=\"https:\/\/www.utkubuyuksahin.com\/wp-content\/uploads\/Screen-Shot-2016-05-29-at-06.52.14-300x169.png 300w, https:\/\/www.utkubuyuksahin.com\/wp-content\/uploads\/Screen-Shot-2016-05-29-at-06.52.14-768x432.png 768w, https:\/\/www.utkubuyuksahin.com\/wp-content\/uploads\/Screen-Shot-2016-05-29-at-06.52.14-1024x576.png 1024w, https:\/\/www.utkubuyuksahin.com\/wp-content\/uploads\/Screen-Shot-2016-05-29-at-06.52.14.png 1920w\" sizes=\"(max-width: 300px) 100vw, 300px\" \/><\/a><p id=\"caption-attachment-51\" class=\"wp-caption-text\">BTSS &#8211; BUYUKSAHIN Tactile Sensing System<\/p><\/div>\n<div id=\"attachment_52\" style=\"width: 310px\" class=\"wp-caption aligncenter\"><a href=\"https:\/\/www.utkubuyuksahin.com\/index.php\/2016\/05\/29\/utku-buyuksahin-guitar-show\/\"><img aria-describedby=\"caption-attachment-52\" loading=\"lazy\" class=\"wp-image-52 size-medium\" src=\"https:\/\/www.utkubuyuksahin.com\/wp-content\/uploads\/Screen-Shot-2016-05-29-at-06.56.10-300x169.png\" alt=\"Screen Shot 2016-05-29 at 06.56.10\" width=\"300\" height=\"169\" srcset=\"https:\/\/www.utkubuyuksahin.com\/wp-content\/uploads\/Screen-Shot-2016-05-29-at-06.56.10-300x169.png 300w, https:\/\/www.utkubuyuksahin.com\/wp-content\/uploads\/Screen-Shot-2016-05-29-at-06.56.10-768x432.png 768w, https:\/\/www.utkubuyuksahin.com\/wp-content\/uploads\/Screen-Shot-2016-05-29-at-06.56.10-1024x576.png 1024w, https:\/\/www.utkubuyuksahin.com\/wp-content\/uploads\/Screen-Shot-2016-05-29-at-06.56.10.png 1920w\" sizes=\"(max-width: 300px) 100vw, 300px\" \/><\/a><p id=\"caption-attachment-52\" class=\"wp-caption-text\">Utku B\u00fcy\u00fck\u015fahin Guitar Show<\/p><\/div>\n<div id=\"attachment_55\" style=\"width: 310px\" class=\"wp-caption aligncenter\"><a href=\"https:\/\/www.utkubuyuksahin.com\/index.php\/2016\/05\/29\/a-song-by-father-and-son\/\"><img aria-describedby=\"caption-attachment-55\" loading=\"lazy\" class=\"wp-image-55 size-medium\" src=\"https:\/\/www.utkubuyuksahin.com\/wp-content\/uploads\/Screen-Shot-2016-05-29-at-06.59.58-300x169.png\" alt=\"Screen Shot 2016-05-29 at 06.59.58\" width=\"300\" height=\"169\" srcset=\"https:\/\/www.utkubuyuksahin.com\/wp-content\/uploads\/Screen-Shot-2016-05-29-at-06.59.58-300x169.png 300w, https:\/\/www.utkubuyuksahin.com\/wp-content\/uploads\/Screen-Shot-2016-05-29-at-06.59.58-768x432.png 768w, https:\/\/www.utkubuyuksahin.com\/wp-content\/uploads\/Screen-Shot-2016-05-29-at-06.59.58-1024x576.png 1024w, https:\/\/www.utkubuyuksahin.com\/wp-content\/uploads\/Screen-Shot-2016-05-29-at-06.59.58.png 1920w\" sizes=\"(max-width: 300px) 100vw, 300px\" \/><\/a><p id=\"caption-attachment-55\" class=\"wp-caption-text\">A Song by Father &amp; Son<\/p><\/div>\n<div id=\"attachment_69\" style=\"width: 310px\" class=\"wp-caption aligncenter\"><a href=\"https:\/\/www.utkubuyuksahin.com\/index.php\/2016\/05\/29\/3-axes-cnc-milling-machine\/\"><img aria-describedby=\"caption-attachment-69\" loading=\"lazy\" class=\"wp-image-69 size-medium\" src=\"https:\/\/www.utkubuyuksahin.com\/wp-content\/uploads\/Screen-Shot-2016-05-29-at-07.47.04-300x169.png\" alt=\"Screen Shot 2016-05-29 at 07.47.04\" width=\"300\" height=\"169\" srcset=\"https:\/\/www.utkubuyuksahin.com\/wp-content\/uploads\/Screen-Shot-2016-05-29-at-07.47.04-300x169.png 300w, https:\/\/www.utkubuyuksahin.com\/wp-content\/uploads\/Screen-Shot-2016-05-29-at-07.47.04-768x432.png 768w, https:\/\/www.utkubuyuksahin.com\/wp-content\/uploads\/Screen-Shot-2016-05-29-at-07.47.04-1024x576.png 1024w, https:\/\/www.utkubuyuksahin.com\/wp-content\/uploads\/Screen-Shot-2016-05-29-at-07.47.04.png 1920w\" sizes=\"(max-width: 300px) 100vw, 300px\" \/><\/a><p id=\"caption-attachment-69\" class=\"wp-caption-text\">3 Axes CNC Milling Machine<\/p><\/div>\n<div id=\"attachment_68\" style=\"width: 310px\" class=\"wp-caption aligncenter\"><a href=\"https:\/\/www.utkubuyuksahin.com\/index.php\/2016\/05\/29\/6-dof-stewart-platform-for-10d-cinemas\/\"><img aria-describedby=\"caption-attachment-68\" loading=\"lazy\" class=\"wp-image-68 size-medium\" src=\"https:\/\/www.utkubuyuksahin.com\/wp-content\/uploads\/Screen-Shot-2016-05-29-at-07.46.42-300x169.png\" alt=\"Screen Shot 2016-05-29 at 07.46.42\" width=\"300\" height=\"169\" srcset=\"https:\/\/www.utkubuyuksahin.com\/wp-content\/uploads\/Screen-Shot-2016-05-29-at-07.46.42-300x169.png 300w, https:\/\/www.utkubuyuksahin.com\/wp-content\/uploads\/Screen-Shot-2016-05-29-at-07.46.42-768x432.png 768w, https:\/\/www.utkubuyuksahin.com\/wp-content\/uploads\/Screen-Shot-2016-05-29-at-07.46.42-1024x576.png 1024w, https:\/\/www.utkubuyuksahin.com\/wp-content\/uploads\/Screen-Shot-2016-05-29-at-07.46.42.png 1920w\" sizes=\"(max-width: 300px) 100vw, 300px\" \/><\/a><p id=\"caption-attachment-68\" class=\"wp-caption-text\">6 DOF Stewart Platform for 10D Cinemas<\/p><\/div>\n<div id=\"attachment_67\" style=\"width: 310px\" class=\"wp-caption aligncenter\"><a href=\"https:\/\/www.utkubuyuksahin.com\/index.php\/2016\/05\/29\/vehicle-simulator\/\"><img aria-describedby=\"caption-attachment-67\" loading=\"lazy\" class=\"wp-image-67 size-medium\" src=\"https:\/\/www.utkubuyuksahin.com\/wp-content\/uploads\/Screen-Shot-2016-05-29-at-07.46.08-300x169.png\" alt=\"Screen Shot 2016-05-29 at 07.46.08\" width=\"300\" height=\"169\" srcset=\"https:\/\/www.utkubuyuksahin.com\/wp-content\/uploads\/Screen-Shot-2016-05-29-at-07.46.08-300x169.png 300w, https:\/\/www.utkubuyuksahin.com\/wp-content\/uploads\/Screen-Shot-2016-05-29-at-07.46.08-768x432.png 768w, https:\/\/www.utkubuyuksahin.com\/wp-content\/uploads\/Screen-Shot-2016-05-29-at-07.46.08-1024x576.png 1024w, https:\/\/www.utkubuyuksahin.com\/wp-content\/uploads\/Screen-Shot-2016-05-29-at-07.46.08.png 1920w\" sizes=\"(max-width: 300px) 100vw, 300px\" \/><\/a><p id=\"caption-attachment-67\" class=\"wp-caption-text\">Vehicle Simulator<\/p><\/div>\n<div id=\"attachment_66\" style=\"width: 310px\" class=\"wp-caption aligncenter\"><a href=\"https:\/\/www.utkubuyuksahin.com\/index.php\/2016\/05\/29\/3d-animation-1\/\"><img aria-describedby=\"caption-attachment-66\" loading=\"lazy\" class=\"wp-image-66 size-medium\" src=\"https:\/\/www.utkubuyuksahin.com\/wp-content\/uploads\/Screen-Shot-2016-05-29-at-07.45.50-300x169.png\" alt=\"Screen Shot 2016-05-29 at 07.45.50\" width=\"300\" height=\"169\" srcset=\"https:\/\/www.utkubuyuksahin.com\/wp-content\/uploads\/Screen-Shot-2016-05-29-at-07.45.50-300x169.png 300w, https:\/\/www.utkubuyuksahin.com\/wp-content\/uploads\/Screen-Shot-2016-05-29-at-07.45.50-768x432.png 768w, https:\/\/www.utkubuyuksahin.com\/wp-content\/uploads\/Screen-Shot-2016-05-29-at-07.45.50-1024x576.png 1024w, https:\/\/www.utkubuyuksahin.com\/wp-content\/uploads\/Screen-Shot-2016-05-29-at-07.45.50.png 1920w\" sizes=\"(max-width: 300px) 100vw, 300px\" \/><\/a><p id=\"caption-attachment-66\" class=\"wp-caption-text\">3D Animation 1<\/p><\/div>\n\n\n<div style=\"height:100px\" aria-hidden=\"true\" class=\"wp-block-spacer\"><\/div>\n\n\n\n<figure class=\"wp-block-image size-large\"><img loading=\"lazy\" width=\"1024\" height=\"267\" src=\"https:\/\/www.utkubuyuksahin.com\/wp-content\/uploads\/Prof-Dr-Utku-Buyuksahin-Ikon-Banner-2-1024x267.jpg\" alt=\"\" class=\"wp-image-406\" srcset=\"https:\/\/www.utkubuyuksahin.com\/wp-content\/uploads\/Prof-Dr-Utku-Buyuksahin-Ikon-Banner-2-1024x267.jpg 1024w, https:\/\/www.utkubuyuksahin.com\/wp-content\/uploads\/Prof-Dr-Utku-Buyuksahin-Ikon-Banner-2-300x78.jpg 300w, https:\/\/www.utkubuyuksahin.com\/wp-content\/uploads\/Prof-Dr-Utku-Buyuksahin-Ikon-Banner-2-768x200.jpg 768w, https:\/\/www.utkubuyuksahin.com\/wp-content\/uploads\/Prof-Dr-Utku-Buyuksahin-Ikon-Banner-2.jpg 1219w\" sizes=\"(max-width: 1024px) 100vw, 1024px\" \/><\/figure>\n\n\n\n<p><\/p>\n","protected":false},"excerpt":{"rendered":"<p>&nbsp;<\/p>\n","protected":false},"author":1,"featured_media":0,"parent":0,"menu_order":6,"comment_status":"closed","ping_status":"closed","template":"","meta":[],"_links":{"self":[{"href":"https:\/\/www.utkubuyuksahin.com\/index.php\/wp-json\/wp\/v2\/pages\/121"}],"collection":[{"href":"https:\/\/www.utkubuyuksahin.com\/index.php\/wp-json\/wp\/v2\/pages"}],"about":[{"href":"https:\/\/www.utkubuyuksahin.com\/index.php\/wp-json\/wp\/v2\/types\/page"}],"author":[{"embeddable":true,"href":"https:\/\/www.utkubuyuksahin.com\/index.php\/wp-json\/wp\/v2\/users\/1"}],"replies":[{"embeddable":true,"href":"https:\/\/www.utkubuyuksahin.com\/index.php\/wp-json\/wp\/v2\/comments?post=121"}],"version-history":[{"count":10,"href":"https:\/\/www.utkubuyuksahin.com\/index.php\/wp-json\/wp\/v2\/pages\/121\/revisions"}],"predecessor-version":[{"id":417,"href":"https:\/\/www.utkubuyuksahin.com\/index.php\/wp-json\/wp\/v2\/pages\/121\/revisions\/417"}],"wp:attachment":[{"href":"https:\/\/www.utkubuyuksahin.com\/index.php\/wp-json\/wp\/v2\/media?parent=121"}],"curies":[{"name":"wp","href":"https:\/\/api.w.org\/{rel}","templated":true}]}}