{"id":119,"date":"2016-05-30T00:07:45","date_gmt":"2016-05-29T21:07:45","guid":{"rendered":"http:\/\/www.utkubuyuksahin.com\/?page_id=119"},"modified":"2024-03-24T00:53:20","modified_gmt":"2024-03-23T21:53:20","slug":"tv-press","status":"publish","type":"page","link":"https:\/\/www.utkubuyuksahin.com\/index.php\/tv-press\/","title":{"rendered":"TV &#038; Press"},"content":{"rendered":"\n<p><\/p>\n\n\n\n<figure class=\"wp-block-image size-large\"><img loading=\"lazy\" width=\"1024\" height=\"731\" src=\"https:\/\/www.utkubuyuksahin.com\/wp-content\/uploads\/Media-Cover-Pages-Kapak-Sayfalari-01-copy-1024x731.jpg\" alt=\"\" class=\"wp-image-454\" srcset=\"https:\/\/www.utkubuyuksahin.com\/wp-content\/uploads\/Media-Cover-Pages-Kapak-Sayfalari-01-copy-1024x731.jpg 1024w, https:\/\/www.utkubuyuksahin.com\/wp-content\/uploads\/Media-Cover-Pages-Kapak-Sayfalari-01-copy-300x214.jpg 300w, https:\/\/www.utkubuyuksahin.com\/wp-content\/uploads\/Media-Cover-Pages-Kapak-Sayfalari-01-copy-768x549.jpg 768w, https:\/\/www.utkubuyuksahin.com\/wp-content\/uploads\/Media-Cover-Pages-Kapak-Sayfalari-01-copy-1536x1097.jpg 1536w, https:\/\/www.utkubuyuksahin.com\/wp-content\/uploads\/Media-Cover-Pages-Kapak-Sayfalari-01-copy-2048x1463.jpg 2048w\" sizes=\"(max-width: 1024px) 100vw, 1024px\" \/><\/figure>\n\n\n\n<figure class=\"wp-block-image size-large\"><img loading=\"lazy\" width=\"1024\" height=\"579\" src=\"https:\/\/www.utkubuyuksahin.com\/wp-content\/uploads\/Screenshot-303-copy-1024x579.jpg\" alt=\"\" class=\"wp-image-438\" srcset=\"https:\/\/www.utkubuyuksahin.com\/wp-content\/uploads\/Screenshot-303-copy-1024x579.jpg 1024w, https:\/\/www.utkubuyuksahin.com\/wp-content\/uploads\/Screenshot-303-copy-300x170.jpg 300w, https:\/\/www.utkubuyuksahin.com\/wp-content\/uploads\/Screenshot-303-copy-768x434.jpg 768w, https:\/\/www.utkubuyuksahin.com\/wp-content\/uploads\/Screenshot-303-copy-1536x869.jpg 1536w, https:\/\/www.utkubuyuksahin.com\/wp-content\/uploads\/Screenshot-303-copy.jpg 1908w\" sizes=\"(max-width: 1024px) 100vw, 1024px\" \/><\/figure>\n\n\n\n<div style=\"height:100px\" aria-hidden=\"true\" class=\"wp-block-spacer\"><\/div>\n\n\n<p><\/p>\n<p><em style=\"font-size: revert; color: initial;\">\u201cAt home or at university; Place independent inventor: Admirable, Modest and Musician: Utku B\u00fcy\u00fck\u015fahin\u201d<\/em><\/p>\n<div class=\"message\">\n<p><a href=\"http:\/\/utkubuyuksahin.com\/gazetto.pdf\" target=\"_blank\" rel=\"noopener\">Gazetto Magazine<\/a> (Full Biography), 10\/2013<\/p>\n<p><\/p>\n<\/div>\n<p><em>\u201cHe did Prosthetics with tactile feeling\u201d<\/em><\/p>\n<p><a href=\"http:\/\/utkubuyuksahin.com\/basin.jpg\" target=\"_blank\" rel=\"noopener\">Milliyet, H\u00fcrriyet, Sabah, etc.<\/a> (The biggest Newspapers in Turkey), 07\/15\/2014<\/p>\n<p><em>&nbsp;<\/em><\/p>\n<p><em>\u201cTactile Sensing Artificial Skin for Prosthetics\u201d <\/em><\/p>\n<p><a href=\"http:\/\/utkubuyuksahin.com\/bilimteknik.jpg\" target=\"_blank\" rel=\"noopener\">Bilim ve Teknik Dergisi <\/a>(The most prestigious popular science magazine of Turkey. \u2013 2 Full pages), 06\/2015<\/p>\n<p><\/p>\n<p><\/p>\n<p><img loading=\"lazy\" class=\"size-full wp-image-133 aligncenter\" src=\"https:\/\/www.utkubuyuksahin.com\/wp-content\/uploads\/nw3.png\" alt=\"nw3\" width=\"646\" height=\"480\" srcset=\"https:\/\/www.utkubuyuksahin.com\/wp-content\/uploads\/nw3.png 646w, https:\/\/www.utkubuyuksahin.com\/wp-content\/uploads\/nw3-300x223.png 300w\" sizes=\"(max-width: 646px) 100vw, 646px\" \/><\/p>\n<p><\/p>\n<p><img loading=\"lazy\" class=\"size-full wp-image-134 aligncenter\" src=\"https:\/\/www.utkubuyuksahin.com\/wp-content\/uploads\/nw2.png\" alt=\"nw2\" width=\"646\" height=\"363\" srcset=\"https:\/\/www.utkubuyuksahin.com\/wp-content\/uploads\/nw2.png 646w, https:\/\/www.utkubuyuksahin.com\/wp-content\/uploads\/nw2-300x169.png 300w\" sizes=\"(max-width: 646px) 100vw, 646px\" \/><\/p>\n<p><\/p>\n<p><strong>Media Coverage (Some of them)<\/strong><\/p>\n<p><\/p>\n<p><b><strong>TV shows &amp; TV NEWS<\/strong><\/b><\/p>\n<p><\/p>\n<p><a href=\"https:\/\/www.youtube.com\/watch?v=BHdkqwYPBhU\" target=\"_blank\" rel=\"noopener\">https:\/\/www.youtube.com\/watch?v=BHdkqwYPBhU<\/a><\/p>\n<p><a href=\"https:\/\/www.youtube.com\/watch?v=o9chtiOgUmo&amp;feature=youtu.be\" target=\"_blank\" rel=\"noopener\">https:\/\/www.youtube.com\/watch?v=o9chtiOgUmo&amp;feature=youtu.be<\/a><\/p>\n<p><a href=\"https:\/\/www.youtube.com\/watch?v=ZSVtNr-6dvU\" target=\"_blank\" rel=\"noopener\">https:\/\/www.youtube.com\/watch?v=ZSVtNr-6dvU<\/a><\/p>\n<p><a href=\"https:\/\/www.youtube.com\/watch?v=SJ0BiQn9YUI&amp;feature=youtu.be\" target=\"_blank\" rel=\"noopener\">https:\/\/www.youtube.com\/watch?v=SJ0BiQn9YUI&amp;feature=youtu.be<\/a><\/p>\n<p><\/p>\n<p><b><strong>Magazines<\/strong><\/b><\/p>\n<p><a href=\"http:\/\/utkubuyuksahin.com\/gazetto.pdf\" target=\"_blank\" rel=\"noopener\">Innovator of the Month&nbsp;(October 2013)<\/a><\/p>\n<p><a href=\"http:\/\/utkubuyuksahin.com\/teknogundem.pdf\" target=\"_blank\" rel=\"noopener\">Tekno G\u00fcndem Magazine&nbsp;interview&nbsp;(April 2014)<\/a><\/p>\n<p><a href=\"http:\/\/utkubuyuksahin.com\/yildizlar.pdf\" target=\"_blank\" rel=\"noopener\">Y\u0131ld\u0131zlar Magazine&nbsp;interview (2015)<\/a><\/p>\n<p><a href=\"http:\/\/utkubuyuksahin.com\/bilimteknik.jpg\" target=\"_blank\" rel=\"noopener\">Bilim ve Teknik Magazine (June 2015)<\/a><\/p>\n<p><a href=\"https:\/\/www.ekonomist.com.tr\/haberler\/yapay-deriye-nasa-ilgisi.html\" target=\"_blank\" rel=\"noopener\">Ekonomist<\/a><\/p>\n<p><a href=\"https:\/\/gazetesu.sabanciuniv.edu\/sites\/gazetesu.sabanciuniv.edu\/files\/forbes_kupursuz_0.pdf\" target=\"_blank\" rel=\"noopener\">Forbes<\/a><\/p>\n<p><\/p>\n<p><b><strong>Newspapers<\/strong><\/b><\/p>\n<p><\/p>\n<p><a href=\"http:\/\/www.milliyet.com.tr\/hissedebilen-protez-yapti-gundem-1911863\/?ref=OtherNews\" target=\"_blank\" rel=\"noopener\">http:\/\/www.milliyet.com.tr\/hissedebilen-protez-yapti-gundem-1911863\/?ref=OtherNews<\/a><\/p>\n<p><a href=\"http:\/\/www.hurriyet.com.tr\/avrupa\/26804385.asp\" target=\"_blank\" rel=\"noopener\">http:\/\/www.hurriyet.com.tr\/avrupa\/26804385.asp<\/a><\/p>\n<p><a href=\"http:\/\/www.sabah.com.tr\/Saglik\/2014\/07\/15\/protezliler-artik-hissedebilecek\" target=\"_blank\" rel=\"noopener\">http:\/\/www.sabah.com.tr\/Saglik\/2014\/07\/15\/protezliler-artik-hissedebilecek<\/a><\/p>\n<p><a href=\"http:\/\/www.worldbulletin.net\/todays-news\/139964\/turkish-science-aims-to-return-amputees-sense-of-touch\" target=\"_blank\" rel=\"noopener\">http:\/\/www.worldbulletin.net\/todays-news\/139964\/turkish-science-aims-to-return-amputees-sense-of-touch<\/a><\/p>\n<p><a href=\"http:\/\/www.dream.co.id\/news\/peneliti-turki-kembangkan-sistem-sensorik-pada-pasien-amputasi-1407044.html\" target=\"_blank\" rel=\"noopener\">http:\/\/www.dream.co.id\/news\/peneliti-turki-kembangkan-sistem-sensorik-pada-pasien-amputasi-1407044.html<\/a><\/p>\n<p><a href=\"http:\/\/www.haberturk.com\/ekonomi\/teknoloji\/haber\/1162663-koctan-abdde-robotik-kol-yatirimi\" target=\"_blank\" rel=\"noopener\">http:\/\/www.haberturk.com\/ekonomi\/teknoloji\/haber\/1162663-koctan-abdde-robotik-kol-yatirimi<\/a><\/p>\n<p><a href=\"http:\/\/yenisafak.com.tr\/aktuel-haber\/protezler-de-hissedecek-15.07.2014-666993?ref=manset-10.2\" target=\"_blank\" rel=\"noopener\">http:\/\/yenisafak.com.tr\/aktuel-haber\/protezler-de-hissedecek-15.07.2014-666993?ref=manset-10.2<\/a><\/p>\n<p><a href=\"http:\/\/m.yeniakit.com.tr\/haber\/artik-protezle-hissedebilecekler-24014.html\" target=\"_blank\" rel=\"noopener\">http:\/\/m.yeniakit.com.tr\/haber\/artik-protezle-hissedebilecekler-24014.html<\/a><\/p>\n<p><a href=\"http:\/\/www.sondakikahaberleri.info.tr\/haber\/1250131-hissedebilen-protez-yapti\" target=\"_blank\" rel=\"noopener\">http:\/\/www.sondakikahaberleri.info.tr\/haber\/1250131-hissedebilen-protez-yapti<\/a><\/p>\n<p><a href=\"http:\/\/www.herseytv.net\/haber\/blsmtknlj\/hissedebilen-protez-yapti\/118699.html\" target=\"_blank\" rel=\"noopener\">http:\/\/www.herseytv.net\/haber\/blsmtknlj\/hissedebilen-protez-yapti\/118699.html<\/a><\/p>\n<p><a href=\"https:\/\/emlakkulisi.com\/calis-holding-ilk-isim-girisim-yarismasi-sonuclandi\/255598\" target=\"_blank\" rel=\"noopener\">https:\/\/emlakkulisi.com\/calis-holding-ilk-isim-girisim-yarismasi-sonuclandi\/255598<\/a><\/p>\n<p><a href=\"http:\/\/www.milliyet.com.tr\/kulucka-merkezinde-gelecegin-bill-gates-istanbul-yerelhaber-41644\/\" target=\"_blank\" rel=\"noopener\">http:\/\/www.milliyet.com.tr\/kulucka-merkezinde-gelecegin-bill-gates-istanbul-yerelhaber-41644\/<\/a><\/p>\n<p><a href=\"https:\/\/www.sondakika.com\/haber\/haber-teknoparklar-kategorisinde-lider-ytu-4475931\" target=\"_blank\" rel=\"noopener\">https:\/\/www.sondakika.com\/haber\/haber-teknoparklar-kategorisinde-lider-ytu-4475931<\/a><\/p>\n<p><\/p>\n<p><b><strong>Book Chapter<\/strong><\/b><\/p>\n<p><a href=\"http:\/\/books.google.com.tr\/books?id=OV9-AgAAQBAJ&amp;pg=RA6-PA386&amp;dq=comprehensive+materials+buyuksahin&amp;hl=tr&amp;sa=X&amp;ei=xm6ZU_GDK8aSOMHhgYgG&amp;ved=0CBkQ6AEwAA#v=onepage&amp;q=comprehensive%20materials%20buyuksahin&amp;f=false\" target=\"_blank\" rel=\"noopener\">http:\/\/books.google.com.tr\/books?id=OV9-AgAAQBAJ&amp;pg=RA6-PA386&amp;dq=comprehensive+materials+buyuksahin&amp;hl=tr&amp;sa=X&amp;ei=xm6ZU_GDK8aSOMHhgYgG&amp;ved=0CBkQ6AEwAA#v=<\/a><\/p>\n<p><\/p>\n\n\n<div style=\"height:100px\" aria-hidden=\"true\" class=\"wp-block-spacer\"><\/div>\n\n\n\n<figure class=\"wp-block-image size-large\"><img loading=\"lazy\" width=\"1024\" height=\"267\" src=\"https:\/\/www.utkubuyuksahin.com\/wp-content\/uploads\/Prof-Dr-Utku-Buyuksahin-Ikon-Banner-2-1024x267.jpg\" alt=\"\" class=\"wp-image-406\" srcset=\"https:\/\/www.utkubuyuksahin.com\/wp-content\/uploads\/Prof-Dr-Utku-Buyuksahin-Ikon-Banner-2-1024x267.jpg 1024w, https:\/\/www.utkubuyuksahin.com\/wp-content\/uploads\/Prof-Dr-Utku-Buyuksahin-Ikon-Banner-2-300x78.jpg 300w, https:\/\/www.utkubuyuksahin.com\/wp-content\/uploads\/Prof-Dr-Utku-Buyuksahin-Ikon-Banner-2-768x200.jpg 768w, https:\/\/www.utkubuyuksahin.com\/wp-content\/uploads\/Prof-Dr-Utku-Buyuksahin-Ikon-Banner-2.jpg 1219w\" sizes=\"(max-width: 1024px) 100vw, 1024px\" \/><\/figure>\n\n\n\n<p><\/p>\n","protected":false},"excerpt":{"rendered":"<p>\u201cAt home or at university; Place independent inventor: Admirable, Modest and Musician: Utku B\u00fcy\u00fck\u015fahin\u201d Gazetto Magazine (Full Biography), 10\/2013 \u201cHe did Prosthetics with tactile feeling\u201d Milliyet, H\u00fcrriyet, Sabah, etc. (The biggest Newspapers in Turkey), 07\/15\/2014 &nbsp; \u201cTactile Sensing Artificial Skin for Prosthetics\u201d Bilim ve Teknik Dergisi (The most prestigious popular science magazine of Turkey. \u2013<a href=\"https:\/\/www.utkubuyuksahin.com\/index.php\/tv-press\/\">[&#8230;]<\/a><\/p>\n","protected":false},"author":1,"featured_media":0,"parent":0,"menu_order":5,"comment_status":"closed","ping_status":"closed","template":"","meta":[],"_links":{"self":[{"href":"https:\/\/www.utkubuyuksahin.com\/index.php\/wp-json\/wp\/v2\/pages\/119"}],"collection":[{"href":"https:\/\/www.utkubuyuksahin.com\/index.php\/wp-json\/wp\/v2\/pages"}],"about":[{"href":"https:\/\/www.utkubuyuksahin.com\/index.php\/wp-json\/wp\/v2\/types\/page"}],"author":[{"embeddable":true,"href":"https:\/\/www.utkubuyuksahin.com\/index.php\/wp-json\/wp\/v2\/users\/1"}],"replies":[{"embeddable":true,"href":"https:\/\/www.utkubuyuksahin.com\/index.php\/wp-json\/wp\/v2\/comments?post=119"}],"version-history":[{"count":36,"href":"https:\/\/www.utkubuyuksahin.com\/index.php\/wp-json\/wp\/v2\/pages\/119\/revisions"}],"predecessor-version":[{"id":455,"href":"https:\/\/www.utkubuyuksahin.com\/index.php\/wp-json\/wp\/v2\/pages\/119\/revisions\/455"}],"wp:attachment":[{"href":"https:\/\/www.utkubuyuksahin.com\/index.php\/wp-json\/wp\/v2\/media?parent=119"}],"curies":[{"name":"wp","href":"https:\/\/api.w.org\/{rel}","templated":true}]}}