{"id":117,"date":"2016-05-30T00:07:19","date_gmt":"2016-05-29T21:07:19","guid":{"rendered":"http:\/\/www.utkubuyuksahin.com\/?page_id=117"},"modified":"2023-01-19T06:17:42","modified_gmt":"2023-01-19T03:17:42","slug":"3d-animator","status":"publish","type":"page","link":"https:\/\/www.utkubuyuksahin.com\/index.php\/3d-animator\/","title":{"rendered":"3D Animator"},"content":{"rendered":"<p>Between the years 2002 and 2009 <strong>Utku B\u00fcy\u00fck\u015fahin<\/strong>&nbsp;did too many 3D (3 dimension) modelling and animations with 3Ds Max software. Besides the advertising agencies, some of the clients were Turkey\u2019s leading architects, big construction companies and military supplier companies.<\/p>\n<p>&nbsp;<\/p>\n<p><img loading=\"lazy\" class=\"alignnone size-full wp-image-173\" src=\"https:\/\/www.utkubuyuksahin.com\/wp-content\/uploads\/UB_04.jpg\" alt=\"UB_04\" width=\"1280\" height=\"746\" srcset=\"https:\/\/www.utkubuyuksahin.com\/wp-content\/uploads\/UB_04.jpg 1280w, https:\/\/www.utkubuyuksahin.com\/wp-content\/uploads\/UB_04-300x175.jpg 300w, https:\/\/www.utkubuyuksahin.com\/wp-content\/uploads\/UB_04-768x448.jpg 768w, https:\/\/www.utkubuyuksahin.com\/wp-content\/uploads\/UB_04-1024x597.jpg 1024w\" sizes=\"(max-width: 1280px) 100vw, 1280px\" \/><\/p>\n<p><img loading=\"lazy\" class=\"alignnone size-full wp-image-174\" src=\"https:\/\/www.utkubuyuksahin.com\/wp-content\/uploads\/UB_07.jpg\" alt=\"UB_07\" width=\"1280\" height=\"800\" srcset=\"https:\/\/www.utkubuyuksahin.com\/wp-content\/uploads\/UB_07.jpg 1280w, https:\/\/www.utkubuyuksahin.com\/wp-content\/uploads\/UB_07-300x188.jpg 300w, https:\/\/www.utkubuyuksahin.com\/wp-content\/uploads\/UB_07-768x480.jpg 768w, https:\/\/www.utkubuyuksahin.com\/wp-content\/uploads\/UB_07-1024x640.jpg 1024w\" sizes=\"(max-width: 1280px) 100vw, 1280px\" \/><\/p>\n<p><img loading=\"lazy\" class=\"alignnone size-full wp-image-172\" src=\"https:\/\/www.utkubuyuksahin.com\/wp-content\/uploads\/UB_02.jpg\" alt=\"UB_02\" width=\"1280\" height=\"1280\" srcset=\"https:\/\/www.utkubuyuksahin.com\/wp-content\/uploads\/UB_02.jpg 1280w, https:\/\/www.utkubuyuksahin.com\/wp-content\/uploads\/UB_02-150x150.jpg 150w, https:\/\/www.utkubuyuksahin.com\/wp-content\/uploads\/UB_02-300x300.jpg 300w, https:\/\/www.utkubuyuksahin.com\/wp-content\/uploads\/UB_02-768x768.jpg 768w, https:\/\/www.utkubuyuksahin.com\/wp-content\/uploads\/UB_02-1024x1024.jpg 1024w, https:\/\/www.utkubuyuksahin.com\/wp-content\/uploads\/UB_02-250x250.jpg 250w, https:\/\/www.utkubuyuksahin.com\/wp-content\/uploads\/UB_02-174x174.jpg 174w\" sizes=\"(max-width: 1280px) 100vw, 1280px\" \/><\/p>\n<p>&nbsp;<\/p>\n<p><iframe loading=\"lazy\" title=\"FUAR ALANI 3D AN\u0130MASYON - DO\u00c7. DR. UTKU B\u00dcY\u00dcK\u015eAH\u0130N\" width=\"640\" height=\"480\" src=\"https:\/\/www.youtube.com\/embed\/m6i4SBkm_jo?feature=oembed\" frameborder=\"0\" allow=\"accelerometer; autoplay; clipboard-write; encrypted-media; gyroscope; picture-in-picture; web-share\" allowfullscreen><\/iframe><\/p>\n<p><iframe loading=\"lazy\" width=\"640\" height=\"480\" src=\"https:\/\/www.youtube.com\/embed\/xIUzqGDr_b8?feature=oembed\" frameborder=\"0\" allowfullscreen><\/iframe><\/p>\n<p>&nbsp;<\/p>\n<p>&nbsp;<\/p>\n<p>&nbsp;<\/p>\n<p>&nbsp;<\/p>\n\n\n<figure class=\"wp-block-image size-large\"><img loading=\"lazy\" width=\"1024\" height=\"267\" src=\"https:\/\/www.utkubuyuksahin.com\/wp-content\/uploads\/Prof-Dr-Utku-Buyuksahin-Ikon-Banner-2-1024x267.jpg\" alt=\"\" class=\"wp-image-406\" srcset=\"https:\/\/www.utkubuyuksahin.com\/wp-content\/uploads\/Prof-Dr-Utku-Buyuksahin-Ikon-Banner-2-1024x267.jpg 1024w, https:\/\/www.utkubuyuksahin.com\/wp-content\/uploads\/Prof-Dr-Utku-Buyuksahin-Ikon-Banner-2-300x78.jpg 300w, https:\/\/www.utkubuyuksahin.com\/wp-content\/uploads\/Prof-Dr-Utku-Buyuksahin-Ikon-Banner-2-768x200.jpg 768w, https:\/\/www.utkubuyuksahin.com\/wp-content\/uploads\/Prof-Dr-Utku-Buyuksahin-Ikon-Banner-2.jpg 1219w\" sizes=\"(max-width: 1024px) 100vw, 1024px\" \/><\/figure>\n","protected":false},"excerpt":{"rendered":"<p>Between the years 2002 and 2009 Utku B\u00fcy\u00fck\u015fahin&nbsp;did too many 3D (3 dimension) modelling and animations with 3Ds Max software. Besides the advertising agencies, some of the clients were Turkey\u2019s leading architects, big construction companies and military supplier companies. &nbsp; &nbsp; &nbsp; &nbsp; &nbsp; &nbsp;<\/p>\n","protected":false},"author":1,"featured_media":0,"parent":0,"menu_order":4,"comment_status":"closed","ping_status":"closed","template":"","meta":[],"_links":{"self":[{"href":"https:\/\/www.utkubuyuksahin.com\/index.php\/wp-json\/wp\/v2\/pages\/117"}],"collection":[{"href":"https:\/\/www.utkubuyuksahin.com\/index.php\/wp-json\/wp\/v2\/pages"}],"about":[{"href":"https:\/\/www.utkubuyuksahin.com\/index.php\/wp-json\/wp\/v2\/types\/page"}],"author":[{"embeddable":true,"href":"https:\/\/www.utkubuyuksahin.com\/index.php\/wp-json\/wp\/v2\/users\/1"}],"replies":[{"embeddable":true,"href":"https:\/\/www.utkubuyuksahin.com\/index.php\/wp-json\/wp\/v2\/comments?post=117"}],"version-history":[{"count":7,"href":"https:\/\/www.utkubuyuksahin.com\/index.php\/wp-json\/wp\/v2\/pages\/117\/revisions"}],"predecessor-version":[{"id":414,"href":"https:\/\/www.utkubuyuksahin.com\/index.php\/wp-json\/wp\/v2\/pages\/117\/revisions\/414"}],"wp:attachment":[{"href":"https:\/\/www.utkubuyuksahin.com\/index.php\/wp-json\/wp\/v2\/media?parent=117"}],"curies":[{"name":"wp","href":"https:\/\/api.w.org\/{rel}","templated":true}]}}