{"id":111,"date":"2016-05-30T00:04:21","date_gmt":"2016-05-29T21:04:21","guid":{"rendered":"http:\/\/www.utkubuyuksahin.com\/?page_id=111"},"modified":"2024-04-22T02:06:46","modified_gmt":"2024-04-21T23:06:46","slug":"composer-musician","status":"publish","type":"page","link":"https:\/\/www.utkubuyuksahin.com\/index.php\/composer-musician\/","title":{"rendered":"Musician"},"content":{"rendered":"\n<figure class=\"wp-block-image size-large\"><img loading=\"lazy\" width=\"1024\" height=\"681\" src=\"https:\/\/www.utkubuyuksahin.com\/wp-content\/uploads\/230209_Sensobright_1702-1024x681.jpg\" alt=\"\" class=\"wp-image-473\" srcset=\"https:\/\/www.utkubuyuksahin.com\/wp-content\/uploads\/230209_Sensobright_1702-1024x681.jpg 1024w, https:\/\/www.utkubuyuksahin.com\/wp-content\/uploads\/230209_Sensobright_1702-300x200.jpg 300w, https:\/\/www.utkubuyuksahin.com\/wp-content\/uploads\/230209_Sensobright_1702-768x511.jpg 768w, https:\/\/www.utkubuyuksahin.com\/wp-content\/uploads\/230209_Sensobright_1702-1536x1022.jpg 1536w, https:\/\/www.utkubuyuksahin.com\/wp-content\/uploads\/230209_Sensobright_1702-2048x1363.jpg 2048w, https:\/\/www.utkubuyuksahin.com\/wp-content\/uploads\/230209_Sensobright_1702-750x500.jpg 750w\" sizes=\"(max-width: 1024px) 100vw, 1024px\" \/><\/figure>\n\n\n\n<div style=\"height:100px\" aria-hidden=\"true\" class=\"wp-block-spacer\"><\/div>\n\n\n\n<figure class=\"wp-block-image size-large\"><img loading=\"lazy\" width=\"1024\" height=\"681\" src=\"https:\/\/www.utkubuyuksahin.com\/wp-content\/uploads\/230209_Sensobright_1711-1024x681.jpg\" alt=\"\" class=\"wp-image-474\" srcset=\"https:\/\/www.utkubuyuksahin.com\/wp-content\/uploads\/230209_Sensobright_1711-1024x681.jpg 1024w, https:\/\/www.utkubuyuksahin.com\/wp-content\/uploads\/230209_Sensobright_1711-300x200.jpg 300w, https:\/\/www.utkubuyuksahin.com\/wp-content\/uploads\/230209_Sensobright_1711-768x511.jpg 768w, https:\/\/www.utkubuyuksahin.com\/wp-content\/uploads\/230209_Sensobright_1711-1536x1022.jpg 1536w, https:\/\/www.utkubuyuksahin.com\/wp-content\/uploads\/230209_Sensobright_1711-2048x1363.jpg 2048w, https:\/\/www.utkubuyuksahin.com\/wp-content\/uploads\/230209_Sensobright_1711-750x500.jpg 750w\" sizes=\"(max-width: 1024px) 100vw, 1024px\" \/><\/figure>\n\n\n\n<div style=\"height:100px\" aria-hidden=\"true\" class=\"wp-block-spacer\"><\/div>\n\n\n\n<figure class=\"wp-block-image size-large\"><img loading=\"lazy\" width=\"1024\" height=\"681\" src=\"https:\/\/www.utkubuyuksahin.com\/wp-content\/uploads\/230209_Sensobright_1720-1024x681.jpg\" alt=\"\" class=\"wp-image-475\" srcset=\"https:\/\/www.utkubuyuksahin.com\/wp-content\/uploads\/230209_Sensobright_1720-1024x681.jpg 1024w, https:\/\/www.utkubuyuksahin.com\/wp-content\/uploads\/230209_Sensobright_1720-300x200.jpg 300w, https:\/\/www.utkubuyuksahin.com\/wp-content\/uploads\/230209_Sensobright_1720-768x511.jpg 768w, https:\/\/www.utkubuyuksahin.com\/wp-content\/uploads\/230209_Sensobright_1720-1536x1022.jpg 1536w, https:\/\/www.utkubuyuksahin.com\/wp-content\/uploads\/230209_Sensobright_1720-2048x1363.jpg 2048w, https:\/\/www.utkubuyuksahin.com\/wp-content\/uploads\/230209_Sensobright_1720-750x500.jpg 750w\" sizes=\"(max-width: 1024px) 100vw, 1024px\" \/><\/figure>\n\n\n\n<div style=\"height:100px\" aria-hidden=\"true\" class=\"wp-block-spacer\"><\/div>\n\n\n\n<figure class=\"wp-block-image size-large\"><img loading=\"lazy\" width=\"1024\" height=\"681\" src=\"https:\/\/www.utkubuyuksahin.com\/wp-content\/uploads\/230209_Sensobright_1723-1024x681.jpg\" alt=\"\" class=\"wp-image-476\" srcset=\"https:\/\/www.utkubuyuksahin.com\/wp-content\/uploads\/230209_Sensobright_1723-1024x681.jpg 1024w, https:\/\/www.utkubuyuksahin.com\/wp-content\/uploads\/230209_Sensobright_1723-300x200.jpg 300w, https:\/\/www.utkubuyuksahin.com\/wp-content\/uploads\/230209_Sensobright_1723-768x511.jpg 768w, https:\/\/www.utkubuyuksahin.com\/wp-content\/uploads\/230209_Sensobright_1723-1536x1022.jpg 1536w, https:\/\/www.utkubuyuksahin.com\/wp-content\/uploads\/230209_Sensobright_1723-2048x1363.jpg 2048w, https:\/\/www.utkubuyuksahin.com\/wp-content\/uploads\/230209_Sensobright_1723-750x500.jpg 750w\" sizes=\"(max-width: 1024px) 100vw, 1024px\" \/><\/figure>\n\n\n\n<div style=\"height:100px\" aria-hidden=\"true\" class=\"wp-block-spacer\"><\/div>\n\n\n\n<figure class=\"wp-block-image size-large\"><img loading=\"lazy\" width=\"1024\" height=\"681\" src=\"https:\/\/www.utkubuyuksahin.com\/wp-content\/uploads\/230209_Sensobright_1731-1024x681.jpg\" alt=\"\" class=\"wp-image-477\" srcset=\"https:\/\/www.utkubuyuksahin.com\/wp-content\/uploads\/230209_Sensobright_1731-1024x681.jpg 1024w, https:\/\/www.utkubuyuksahin.com\/wp-content\/uploads\/230209_Sensobright_1731-300x200.jpg 300w, https:\/\/www.utkubuyuksahin.com\/wp-content\/uploads\/230209_Sensobright_1731-768x511.jpg 768w, https:\/\/www.utkubuyuksahin.com\/wp-content\/uploads\/230209_Sensobright_1731-1536x1022.jpg 1536w, https:\/\/www.utkubuyuksahin.com\/wp-content\/uploads\/230209_Sensobright_1731-2048x1363.jpg 2048w, https:\/\/www.utkubuyuksahin.com\/wp-content\/uploads\/230209_Sensobright_1731-750x500.jpg 750w\" sizes=\"(max-width: 1024px) 100vw, 1024px\" \/><\/figure>\n\n\n\n<div style=\"height:100px\" aria-hidden=\"true\" class=\"wp-block-spacer\"><\/div>\n\n\n\n<figure class=\"wp-block-image size-large\"><img loading=\"lazy\" width=\"1024\" height=\"576\" src=\"https:\/\/www.utkubuyuksahin.com\/wp-content\/uploads\/A6404636-copy-1024x576.jpg\" alt=\"\" class=\"wp-image-478\" srcset=\"https:\/\/www.utkubuyuksahin.com\/wp-content\/uploads\/A6404636-copy-1024x576.jpg 1024w, https:\/\/www.utkubuyuksahin.com\/wp-content\/uploads\/A6404636-copy-300x169.jpg 300w, https:\/\/www.utkubuyuksahin.com\/wp-content\/uploads\/A6404636-copy-768x432.jpg 768w, https:\/\/www.utkubuyuksahin.com\/wp-content\/uploads\/A6404636-copy-1536x864.jpg 1536w, https:\/\/www.utkubuyuksahin.com\/wp-content\/uploads\/A6404636-copy-2048x1152.jpg 2048w\" sizes=\"(max-width: 1024px) 100vw, 1024px\" \/><\/figure>\n\n\n<p><strong>Utku B\u00fcy\u00fck\u015fahin<\/strong> gave over 200 concerts as the lead guitarist of his band and has over 100 compositions (with all the instruments are played and mixed by him) some of which are used in advertorials for radios and televisions. He plays over 10 instruments. In the picture he is seen in his own studio. With the player provided \u00a0under, you can listen the song named &#8220;Death of Endless Love&#8221; which is composed, recorded (all the instruments are played) and arranged by Utku B\u00fcy\u00fck\u015fahin.<\/p>\n<p><\/p>\n<p><\/p>\n<p><\/p>\n<p>\u00a0 \u00a0 \u00a0<\/p>\n<!--[if lt IE 9]><script>document.createElement('audio');<\/script><![endif]-->\n<audio class=\"wp-audio-shortcode\" id=\"audio-111-1\" preload=\"none\" style=\"width: 100%;\" controls=\"controls\"><source type=\"audio\/mpeg\" src=\"http:\/\/utkubuyuksahin.com\/doel.mp3?_=1\" \/><a href=\"http:\/\/utkubuyuksahin.com\/doel.mp3\">http:\/\/utkubuyuksahin.com\/doel.mp3<\/a><\/audio>\n<p><strong>Instruments Played\u00a0(Starting Year)<\/strong><\/p>\n<ul>\n<li>Electric Guitar\u00a0(1991)<\/li>\n<li>Piano (1988)<\/li>\n<li>Clarinet (2016)<\/li>\n<li>Bass Guitar (1996)<\/li>\n<li>Classical Guitar (1995)<\/li>\n<li>Acoustic Guitar (1997)<\/li>\n<li>Drums\u00a0(1994)<\/li>\n<li>Keyboards\u00a0(1990)<\/li>\n<li>Oud (1992)<\/li>\n<li>Baglama (1992)<\/li>\n<li>Flute\u00a0(1997)<\/li>\n<li>Violin (1999)<\/li>\n<li>Alto\u00a0saxophone\u00a0(2007)<\/li>\n<\/ul>\n<p><iframe loading=\"lazy\" title=\"Assoc. Prof. Utku BUYUKSAHIN, Ph.D. Solo Guitar 2017\" width=\"640\" height=\"360\" src=\"https:\/\/www.youtube.com\/embed\/d07zLdOl92M?feature=oembed\" frameborder=\"0\" allow=\"accelerometer; autoplay; clipboard-write; encrypted-media; gyroscope; picture-in-picture; web-share\" referrerpolicy=\"strict-origin-when-cross-origin\" allowfullscreen><\/iframe><\/p>\n<p><iframe loading=\"lazy\" title=\"Utku B\u00fcy\u00fck\u015fahin Gitar \u015eov (Guitar Show) Guitar Solo Guitar\" width=\"640\" height=\"480\" src=\"https:\/\/www.youtube.com\/embed\/HLNlWOIUxfE?feature=oembed\" frameborder=\"0\" allow=\"accelerometer; autoplay; clipboard-write; encrypted-media; gyroscope; picture-in-picture; web-share\" referrerpolicy=\"strict-origin-when-cross-origin\" allowfullscreen><\/iframe><\/p>\n\n\n<figure class=\"wp-block-image size-large\"><img loading=\"lazy\" width=\"1024\" height=\"267\" src=\"https:\/\/www.utkubuyuksahin.com\/wp-content\/uploads\/Prof-Dr-Utku-Buyuksahin-Ikon-Banner-2-1024x267.jpg\" alt=\"\" class=\"wp-image-406\" srcset=\"https:\/\/www.utkubuyuksahin.com\/wp-content\/uploads\/Prof-Dr-Utku-Buyuksahin-Ikon-Banner-2-1024x267.jpg 1024w, https:\/\/www.utkubuyuksahin.com\/wp-content\/uploads\/Prof-Dr-Utku-Buyuksahin-Ikon-Banner-2-300x78.jpg 300w, https:\/\/www.utkubuyuksahin.com\/wp-content\/uploads\/Prof-Dr-Utku-Buyuksahin-Ikon-Banner-2-768x200.jpg 768w, https:\/\/www.utkubuyuksahin.com\/wp-content\/uploads\/Prof-Dr-Utku-Buyuksahin-Ikon-Banner-2.jpg 1219w\" sizes=\"(max-width: 1024px) 100vw, 1024px\" \/><\/figure>\n\n\n\n<p><\/p>\n","protected":false},"excerpt":{"rendered":"<p>Utku B\u00fcy\u00fck\u015fahin gave over 200 concerts as the lead guitarist of his band and has over 100 compositions (with all the instruments are played and mixed by him) some of which are used in advertorials for radios and televisions. He plays over 10 instruments. In the picture he is seen in his own studio. With<a href=\"https:\/\/www.utkubuyuksahin.com\/index.php\/composer-musician\/\">[&#8230;]<\/a><\/p>\n","protected":false},"author":1,"featured_media":0,"parent":0,"menu_order":1,"comment_status":"closed","ping_status":"closed","template":"","meta":[],"_links":{"self":[{"href":"https:\/\/www.utkubuyuksahin.com\/index.php\/wp-json\/wp\/v2\/pages\/111"}],"collection":[{"href":"https:\/\/www.utkubuyuksahin.com\/index.php\/wp-json\/wp\/v2\/pages"}],"about":[{"href":"https:\/\/www.utkubuyuksahin.com\/index.php\/wp-json\/wp\/v2\/types\/page"}],"author":[{"embeddable":true,"href":"https:\/\/www.utkubuyuksahin.com\/index.php\/wp-json\/wp\/v2\/users\/1"}],"replies":[{"embeddable":true,"href":"https:\/\/www.utkubuyuksahin.com\/index.php\/wp-json\/wp\/v2\/comments?post=111"}],"version-history":[{"count":26,"href":"https:\/\/www.utkubuyuksahin.com\/index.php\/wp-json\/wp\/v2\/pages\/111\/revisions"}],"predecessor-version":[{"id":483,"href":"https:\/\/www.utkubuyuksahin.com\/index.php\/wp-json\/wp\/v2\/pages\/111\/revisions\/483"}],"wp:attachment":[{"href":"https:\/\/www.utkubuyuksahin.com\/index.php\/wp-json\/wp\/v2\/media?parent=111"}],"curies":[{"name":"wp","href":"https:\/\/api.w.org\/{rel}","templated":true}]}}